{"id":8787,"date":"2025-03-06T17:05:52","date_gmt":"2025-03-06T16:05:52","guid":{"rendered":"https:\/\/fondazionepasqualebattista.it\/congressobbcc2025\/?page_id=8787"},"modified":"2025-04-05T14:21:41","modified_gmt":"2025-04-05T12:21:41","slug":"sponsor","status":"publish","type":"page","link":"https:\/\/fondazionepasqualebattista.it\/congressobbcc2025\/sponsor\/","title":{"rendered":"Sponsor"},"content":{"rendered":"\t\t<div data-elementor-type=\"wp-page\" data-elementor-id=\"8787\" class=\"elementor elementor-8787\" data-elementor-post-type=\"page\">\n\t\t\t\t\t\t<section class=\"elementor-section elementor-top-section elementor-element elementor-element-f5d2a47 animated-fast elementor-section-boxed elementor-section-height-default elementor-section-height-default elementor-invisible\" data-id=\"f5d2a47\" data-element_type=\"section\" data-settings=\"{&quot;animation&quot;:&quot;fadeInUp&quot;}\">\n\t\t\t\t\t\t<div class=\"elementor-container elementor-column-gap-default\">\n\t\t\t\t\t<div class=\"elementor-column elementor-col-50 elementor-top-column elementor-element elementor-element-372e863\" data-id=\"372e863\" data-element_type=\"column\">\n\t\t\t<div class=\"elementor-widget-wrap elementor-element-populated\">\n\t\t\t\t\t\t<div class=\"elementor-element elementor-element-8e5a789 animated-fast elementor-widget elementor-widget-heading\" data-id=\"8e5a789\" data-element_type=\"widget\" data-settings=\"{&quot;_animation&quot;:&quot;none&quot;}\" data-widget_type=\"heading.default\">\n\t\t\t\t<div class=\"elementor-widget-container\">\n\t\t\t\t\t<h1 class=\"elementor-heading-title elementor-size-default\">SPONSOR<\/h1>\t\t\t\t<\/div>\n\t\t\t\t<\/div>\n\t\t\t\t<div class=\"elementor-element elementor-element-c926a6f elementor-widget elementor-widget-image\" data-id=\"c926a6f\" data-element_type=\"widget\" data-widget_type=\"image.default\">\n\t\t\t\t<div class=\"elementor-widget-container\">\n\t\t\t\t\t\t\t\t\t\t\t\t\t\t\t<img decoding=\"async\" src=\"https:\/\/fondazionepasqualebattista.it\/congressobbcc2025\/wp-content\/uploads\/elementor\/thumbs\/Logo-Augusta-Ratio-r3v4ib7h31mohji3c69fwxtoap14pbzlbyvf7web26.jpg\" title=\"Logo-Augusta-Ratio\" alt=\"Logo-Augusta-Ratio\" loading=\"lazy\" \/>\t\t\t\t\t\t\t\t\t\t\t\t\t\t\t<\/div>\n\t\t\t\t<\/div>\n\t\t\t\t<div class=\"elementor-element elementor-element-36286a0 elementor-widget elementor-widget-text-editor\" data-id=\"36286a0\" data-element_type=\"widget\" data-widget_type=\"text-editor.default\">\n\t\t\t\t<div class=\"elementor-widget-container\">\n\t\t\t\t\t\t\t\t\t<p>Augusta Ratio, realt\u00e0 italiana in continua crescita, si occupa di approvvigionamento e trading sulle pi\u00f9 importanti piattaforme di scambio italiane ed europee e di vendita di energia elettrica e gas naturale a famiglie e imprese attraverso i marchi Levigas, Gasway e Vestina Gas &amp; Luce.<br \/>Augusta Ratio \u00e8 anche attiva nella promozione culturale e sportiva nei principali territori serviti e sostiene la FONDAZIONE CULTURALE PASQUALE BATTISTA che persegue la finalit\u00e0 sociale di\u202fpromuovere, sviluppare e coordinare iniziative ed attivit\u00e0 di carattere culturale a livello nazionale.<br \/>La passione, la competenza, l\u2019orientamento al cliente e l\u2019integrit\u00e0 rappresentano alcuni dei valori delle persone che appartengono ad Augusta Ratio.<\/p><p><strong><a href=\"http:\/\/www.augustaratio.it\/\">www.augustaratio.it<\/a> &#8211; <a href=\"http:\/\/www.levigas.it\/\">www.levigas.it<\/a><\/strong><\/p>\t\t\t\t\t\t\t\t<\/div>\n\t\t\t\t<\/div>\n\t\t\t\t<div class=\"elementor-element elementor-element-1417d97 elementor-widget elementor-widget-image\" data-id=\"1417d97\" data-element_type=\"widget\" data-widget_type=\"image.default\">\n\t\t\t\t<div class=\"elementor-widget-container\">\n\t\t\t\t\t\t\t\t\t\t\t\t\t\t\t<img decoding=\"async\" src=\"https:\/\/fondazionepasqualebattista.it\/congressobbcc2025\/wp-content\/uploads\/elementor\/thumbs\/levigas-r33hormqmutbkbus78ff5w1k0do1y0gr52rn0njkyy.jpg\" title=\"levigas\" alt=\"levigas\" loading=\"lazy\" \/>\t\t\t\t\t\t\t\t\t\t\t\t\t\t\t<\/div>\n\t\t\t\t<\/div>\n\t\t\t\t<div class=\"elementor-element elementor-element-9bdf492 elementor-widget elementor-widget-video\" data-id=\"9bdf492\" data-element_type=\"widget\" data-settings=\"{&quot;video_type&quot;:&quot;hosted&quot;,&quot;controls&quot;:&quot;yes&quot;}\" data-widget_type=\"video.default\">\n\t\t\t\t<div class=\"elementor-widget-container\">\n\t\t\t\t\t\t\t<div class=\"e-hosted-video elementor-wrapper elementor-open-inline\">\n\t\t\t\t\t<video class=\"elementor-video\" src=\"https:\/\/fondazionepasqualebattista.it\/congressobbcc2025\/wp-content\/uploads\/2025\/03\/levigas-tagliataok.mp4\" controls=\"\" preload=\"metadata\" controlsList=\"nodownload\" poster=\"https:\/\/fondazionepasqualebattista.it\/congressobbcc2025\/wp-content\/uploads\/2025\/03\/Tappo-video.jpg\"><\/video>\n\t\t\t\t<\/div>\n\t\t\t\t\t\t<\/div>\n\t\t\t\t<\/div>\n\t\t\t\t<div class=\"elementor-element elementor-element-fda91e8 animated-fast elementor-invisible elementor-widget elementor-widget-text-editor\" data-id=\"fda91e8\" data-element_type=\"widget\" data-settings=\"{&quot;_animation&quot;:&quot;slideInUp&quot;}\" data-widget_type=\"text-editor.default\">\n\t\t\t\t<div class=\"elementor-widget-container\">\n\t\t\t\t\t\t\t\t\t<p>Levigas\u00a0opera nella vendita di energia elettrica e gas naturale a famiglie e imprese ed \u00e8 un marchio di Augusta Ratio, operatore integrato che si occupa di approvvigionamento e trading sulle pi\u00f9 importanti piattaforme di scambio italiane ed europee, fino alla vendita ai clienti finali e all\u2019ingrosso.<\/p><p><img fetchpriority=\"high\" decoding=\"async\" class=\"alignnone wp-image-9232 size-full\" src=\"https:\/\/fondazionepasqualebattista.it\/congressobbcc2025\/wp-content\/uploads\/2025\/03\/276-1024x683-1.jpg\" alt=\"\" width=\"1024\" height=\"683\" srcset=\"https:\/\/fondazionepasqualebattista.it\/congressobbcc2025\/wp-content\/uploads\/2025\/03\/276-1024x683-1.jpg 1024w, https:\/\/fondazionepasqualebattista.it\/congressobbcc2025\/wp-content\/uploads\/2025\/03\/276-1024x683-1-300x200.jpg 300w, https:\/\/fondazionepasqualebattista.it\/congressobbcc2025\/wp-content\/uploads\/2025\/03\/276-1024x683-1-768x512.jpg 768w\" sizes=\"(max-width: 1024px) 100vw, 1024px\" \/><\/p><p>Levigas\u00a0opera sull\u2019intero territorio italiano, seguendo una strategia di \u201cprossimit\u00e0\u201d territoriale basata sullo sviluppo di uffici locali, in grado di fornire quotidianamente un\u2019assistenza rapida ed efficace a quei clienti che non amano i grandi operatori internazionali, spesso distanti e spersonalizzati.<\/p><p><img decoding=\"async\" class=\"alignnone wp-image-9231 size-full\" src=\"https:\/\/fondazionepasqualebattista.it\/congressobbcc2025\/wp-content\/uploads\/2025\/03\/1069-1024x683-1.jpg\" alt=\"\" width=\"1024\" height=\"683\" srcset=\"https:\/\/fondazionepasqualebattista.it\/congressobbcc2025\/wp-content\/uploads\/2025\/03\/1069-1024x683-1.jpg 1024w, https:\/\/fondazionepasqualebattista.it\/congressobbcc2025\/wp-content\/uploads\/2025\/03\/1069-1024x683-1-300x200.jpg 300w, https:\/\/fondazionepasqualebattista.it\/congressobbcc2025\/wp-content\/uploads\/2025\/03\/1069-1024x683-1-768x512.jpg 768w\" sizes=\"(max-width: 1024px) 100vw, 1024px\" \/><\/p><p>Per noi di\u00a0<strong>Levigas<\/strong>\u00a0investire il nostro tempo nel celebrare la cultura \u00e8 uno dei principali capisaldi.<\/p><p>Siamo quelli che credono fermamente che senza cultura non possa esserci vita. Un unico bene a completa disposizione di tutti che, quando viene condiviso con gli altri, invece di diminuire aumenta.<\/p><p>Che si tratti di ricordare le memorie del passato, di osservare le dinamiche del presente o di progettare insieme il futuro, la cultura \u00e8 sempre l\u00ec al centro, intrisa dei nostri valori pi\u00f9 essenziali.<\/p><p>\u00c8 esattamente questo il sentimento che lega\u00a0<strong>Levigas<\/strong>\u00a0alla cultura: l\u2019idea che la nostra vicinanza e prossimit\u00e0 alle diverse istanze territoriali d\u2019Italia ci renda estremamente attenti, tanto da non perdere mai l\u2019occasione per dare vita a nuove opportunit\u00e0 di condivisione. Non \u00e8 altro che uno scambio di idee, utile a connettere insieme le nostre conoscenze.<\/p><p>In tal senso, non si pu\u00f2 non citare la regione Puglia, un territorio prodigo di sorprese e meraviglie che si fa culla della cultura di un\u2019intera nazione, senza la quale tutto questo non sarebbe stato possibile e a cui va un nostro ringraziamento speciale. Discutere e fare cultura insieme. Questi sono solo alcuni degli obiettivi che si pone la terza edizione del Congresso <strong>BENI CULTURALI IN PUGLIA<\/strong>\u00a0&#8211;\u00a0 \u201c<em>Cantieri sperimentali e interdisciplinari per nuove prospettive di ricerca e valorizzazione<\/em>\u201d Bari 2025.<\/p><p>Perch\u00e9 noi di\u00a0<strong>Levigas<\/strong>\u00a0crediamo che solo mobilitando energie sociali sempre nuove, diventeremo il motore culturale di importanti risultati.<\/p><p>Per saperne di pi\u00f9, scarica la nostra <strong><a href=\"https:\/\/fondazionepasqualebattista.it\/congressobbcc2025\/download\/Brochure-Levigas-2025.pdf\" target=\"_blank\" rel=\"noopener\">brochure<\/a><\/strong>!<\/p>\t\t\t\t\t\t\t\t<\/div>\n\t\t\t\t<\/div>\n\t\t\t\t\t<\/div>\n\t\t<\/div>\n\t\t\t\t<div class=\"elementor-column elementor-col-50 elementor-top-column elementor-element elementor-element-383ace9\" data-id=\"383ace9\" data-element_type=\"column\">\n\t\t\t<div class=\"elementor-widget-wrap\">\n\t\t\t\t\t\t\t<\/div>\n\t\t<\/div>\n\t\t\t\t\t<\/div>\n\t\t<\/section>\n\t\t\t\t<\/div>\n\t\t","protected":false},"excerpt":{"rendered":"<p>SPONSOR Augusta Ratio, realt\u00e0 italiana in continua crescita, si occupa di approvvigionamento e trading sulle pi\u00f9 importanti piattaforme di scambio italiane ed europee e di vendita di energia elettrica e gas naturale a famiglie e imprese attraverso i marchi Levigas, Gasway e Vestina Gas &amp; Luce.Augusta Ratio \u00e8 anche attiva nella promozione culturale e sportiva [&hellip;]<\/p>\n","protected":false},"author":1,"featured_media":0,"parent":0,"menu_order":0,"comment_status":"closed","ping_status":"closed","template":"","meta":{"footnotes":""},"class_list":["post-8787","page","type-page","status-publish","hentry"],"_links":{"self":[{"href":"https:\/\/fondazionepasqualebattista.it\/congressobbcc2025\/wp-json\/wp\/v2\/pages\/8787","targetHints":{"allow":["GET"]}}],"collection":[{"href":"https:\/\/fondazionepasqualebattista.it\/congressobbcc2025\/wp-json\/wp\/v2\/pages"}],"about":[{"href":"https:\/\/fondazionepasqualebattista.it\/congressobbcc2025\/wp-json\/wp\/v2\/types\/page"}],"author":[{"embeddable":true,"href":"https:\/\/fondazionepasqualebattista.it\/congressobbcc2025\/wp-json\/wp\/v2\/users\/1"}],"replies":[{"embeddable":true,"href":"https:\/\/fondazionepasqualebattista.it\/congressobbcc2025\/wp-json\/wp\/v2\/comments?post=8787"}],"version-history":[{"count":46,"href":"https:\/\/fondazionepasqualebattista.it\/congressobbcc2025\/wp-json\/wp\/v2\/pages\/8787\/revisions"}],"predecessor-version":[{"id":9822,"href":"https:\/\/fondazionepasqualebattista.it\/congressobbcc2025\/wp-json\/wp\/v2\/pages\/8787\/revisions\/9822"}],"wp:attachment":[{"href":"https:\/\/fondazionepasqualebattista.it\/congressobbcc2025\/wp-json\/wp\/v2\/media?parent=8787"}],"curies":[{"name":"wp","href":"https:\/\/api.w.org\/{rel}","templated":true}]}}