{"id":8742,"date":"2025-03-06T16:33:22","date_gmt":"2025-03-06T15:33:22","guid":{"rendered":"https:\/\/fondazionepasqualebattista.it\/congressobbcc2025\/?page_id=8742"},"modified":"2025-10-02T12:39:28","modified_gmt":"2025-10-02T10:39:28","slug":"info-e-norme","status":"publish","type":"page","link":"https:\/\/fondazionepasqualebattista.it\/congressobbcc2025\/info-e-norme\/","title":{"rendered":"Info e norme"},"content":{"rendered":"\t\t<div data-elementor-type=\"wp-page\" data-elementor-id=\"8742\" class=\"elementor elementor-8742\" data-elementor-post-type=\"page\">\n\t\t\t\t\t\t<section class=\"elementor-section elementor-top-section elementor-element elementor-element-f5d2a47 elementor-section-boxed elementor-section-height-default elementor-section-height-default\" data-id=\"f5d2a47\" data-element_type=\"section\">\n\t\t\t\t\t\t<div class=\"elementor-container elementor-column-gap-default\">\n\t\t\t\t\t<div class=\"elementor-column elementor-col-50 elementor-top-column elementor-element elementor-element-372e863\" data-id=\"372e863\" data-element_type=\"column\">\n\t\t\t<div class=\"elementor-widget-wrap elementor-element-populated\">\n\t\t\t\t\t\t<div class=\"elementor-element elementor-element-8e5a789 animated-fast elementor-invisible elementor-widget elementor-widget-heading\" data-id=\"8e5a789\" data-element_type=\"widget\" data-settings=\"{&quot;_animation&quot;:&quot;slideInUp&quot;}\" data-widget_type=\"heading.default\">\n\t\t\t\t<div class=\"elementor-widget-container\">\n\t\t\t\t\t<h1 class=\"elementor-heading-title elementor-size-default\">INFO E NORME<\/h1>\t\t\t\t<\/div>\n\t\t\t\t<\/div>\n\t\t\t\t<div class=\"elementor-element elementor-element-fda91e8 animated-fast elementor-invisible elementor-widget elementor-widget-text-editor\" data-id=\"fda91e8\" data-element_type=\"widget\" data-settings=\"{&quot;_animation&quot;:&quot;slideInUp&quot;}\" data-widget_type=\"text-editor.default\">\n\t\t\t\t<div class=\"elementor-widget-container\">\n\t\t\t\t\t\t\t\t\t<p>I relatori (comunicazione orale, poster e video presentation) dovranno inviare l\u2019abstract del proprio lavoro, compilando l\u2019apposito modulo al link (<a href=\"https:\/\/fondazionepasqualebattista.it\/congressobbcc2025\/sottomissione-abstract\/\"><strong>https:\/\/fondazionepasqualebattista.it\/congressobbcc2025\/sottomissione-abstract\/<\/strong><\/a>) entro e non oltre il 2 giugno 2025, comunicando la propria preferenza tra comunicazione orale, poster e video presentation. La preferenza espressa sar\u00e0 valutata dal Comitato scientifico.<\/p><p>Gli abstract (lunghezza massima: 1500 battute spazi inclusi) devono presentare l\u2019argomento, gli obiettivi e una sintesi dei risultati della ricerca. Nell\u2019abstract non \u00e8 consentito l\u2019uso di tabelle, figure e riferimenti bibliografici.<\/p><p>Tutti i congressisti (autori, coautori e uditori fisicamente presenti) sono tenuti ad iscriversi al congresso compilando il form al link (<strong><a href=\"https:\/\/fondazionepasqualebattista.it\/congressobbcc2025\/modulo-di-iscrizione\/\">https:\/\/fondazionepasqualebattista.it\/congressobbcc2025\/modulo-di-iscrizione\/<\/a><\/strong>). I coautori che non saranno presenti al congresso non sono tenuti ad iscriversi.\u00a0<\/p><p>Ogni congressista pu\u00f2 presentare un solo abstract in veste di relatore. I contributi inviati saranno esaminati dal Comitato scientifico, il quale comunicher\u00e0 l\u2019esito della valutazione entro il 7 luglio 2025.<\/p><p>Le modalit\u00e0 di presentazione del lavoro dei relatori sono:<\/p><p><strong><em>Poster (su piattaforma Microsoft Teams, 7 ottobre 2025)<\/em><\/strong><\/p><p>I poster devono essere caricati in formato .pdf con orientamento orizzontale e dimensioni massime di 60&#215;40 cm (max 10 Mb) in una sezione del sito che sar\u00e0 attivata entro fine settembre. La discussione con gli autori dei poster si svolger\u00e0 in modalit\u00e0 online durante il virtual day del 7 ottobre.\u00a0L\u2019affissione del formato cartaceo del poster non \u00e8 prevista. Il miglior poster, scelto dal Comitato scientifico, ricever\u00e0 un premio in denaro di 200 euro.<\/p><p><strong><em>Video presentation (su piattaforma Microsoft Teams, 7 ottobre 2025)<\/em><\/strong><\/p><p>La modalit\u00e0 video presentation prevede la proiezione di un video della durata massima di 5 minuti.\u00a0<\/p><p>La forma di presentazione \u00e8 libera e a discrezione degli autori.\u00a0<\/p><p>Solo a titolo esemplificativo:<\/p><p>&#8211;\u00a0\u00a0\u00a0\u00a0\u00a0\u00a0\u00a0\u00a0\u00a0 presentazione Powerpoint e voce registrata;<\/p><p>&#8211;\u00a0\u00a0\u00a0\u00a0\u00a0\u00a0\u00a0\u00a0\u00a0 filmati con commento di sottofondo;<\/p><p>&#8211;\u00a0\u00a0\u00a0\u00a0\u00a0\u00a0\u00a0\u00a0\u00a0 sequenza di immagini commentate da voce registrata.\u00a0<\/p><p>I video devono essere salvati in formato .mp4 e caricati al link in una sezione del sito che sar\u00e0 attivata entro fine settembre. La discussione con gli autori dei video si svolger\u00e0 in modalit\u00e0 online durante il virtual day del 7 ottobre. Il miglior video, selezionato dal Comitato scientifico, ricever\u00e0 un premio di 200 euro.<\/p><p><strong><em>Comunicazione<\/em><\/strong><em> <strong>orali (in presenza, 8-9-10 ottobre 2025)<\/strong><\/em><\/p><p>Le comunicazioni orali sono svolte con l&#8217;ausilio di un proiettore a cui \u00e8 collegato un computer con sistema operativo Microsoft Windows. Le presentazioni dovranno essere in formato .ppt, .pps, .pdf. I relatori sono invitati a consegnare il proprio file di presentazione entro 30 minuti prima dell&#8217;inizio della sessione alla postazione dedicata.\u00a0 Ogni relatore \u00e8 invitato a verificare il funzionamento del file prima della consegna. Le immagini ad alta risoluzione inserite nelle slide devono essere possibilmente ridimensionate in formato per proiettori, al fine di evitare rallentamenti e problemi tecnici. I relatori avranno a disposizione 15 minuti (12 minuti per la presentazione + 3 minuti per domande). Si prega di rispettare le tempistiche indicate.<\/p><p>\u00a0<\/p>\t\t\t\t\t\t\t\t<\/div>\n\t\t\t\t<\/div>\n\t\t\t\t\t<\/div>\n\t\t<\/div>\n\t\t\t\t<div class=\"elementor-column elementor-col-50 elementor-top-column elementor-element elementor-element-383ace9\" data-id=\"383ace9\" data-element_type=\"column\">\n\t\t\t<div class=\"elementor-widget-wrap\">\n\t\t\t\t\t\t\t<\/div>\n\t\t<\/div>\n\t\t\t\t\t<\/div>\n\t\t<\/section>\n\t\t\t\t<\/div>\n\t\t","protected":false},"excerpt":{"rendered":"<p>INFO E NORME I relatori (comunicazione orale, poster e video presentation) dovranno inviare l\u2019abstract del proprio lavoro, compilando l\u2019apposito modulo al link (https:\/\/fondazionepasqualebattista.it\/congressobbcc2025\/sottomissione-abstract\/) entro e non oltre il 2 giugno 2025, comunicando la propria preferenza tra comunicazione orale, poster e video presentation. La preferenza espressa sar\u00e0 valutata dal Comitato scientifico. Gli abstract (lunghezza massima: 1500 [&hellip;]<\/p>\n","protected":false},"author":1,"featured_media":0,"parent":0,"menu_order":0,"comment_status":"closed","ping_status":"closed","template":"","meta":{"footnotes":""},"class_list":["post-8742","page","type-page","status-publish","hentry"],"_links":{"self":[{"href":"https:\/\/fondazionepasqualebattista.it\/congressobbcc2025\/wp-json\/wp\/v2\/pages\/8742","targetHints":{"allow":["GET"]}}],"collection":[{"href":"https:\/\/fondazionepasqualebattista.it\/congressobbcc2025\/wp-json\/wp\/v2\/pages"}],"about":[{"href":"https:\/\/fondazionepasqualebattista.it\/congressobbcc2025\/wp-json\/wp\/v2\/types\/page"}],"author":[{"embeddable":true,"href":"https:\/\/fondazionepasqualebattista.it\/congressobbcc2025\/wp-json\/wp\/v2\/users\/1"}],"replies":[{"embeddable":true,"href":"https:\/\/fondazionepasqualebattista.it\/congressobbcc2025\/wp-json\/wp\/v2\/comments?post=8742"}],"version-history":[{"count":52,"href":"https:\/\/fondazionepasqualebattista.it\/congressobbcc2025\/wp-json\/wp\/v2\/pages\/8742\/revisions"}],"predecessor-version":[{"id":10304,"href":"https:\/\/fondazionepasqualebattista.it\/congressobbcc2025\/wp-json\/wp\/v2\/pages\/8742\/revisions\/10304"}],"wp:attachment":[{"href":"https:\/\/fondazionepasqualebattista.it\/congressobbcc2025\/wp-json\/wp\/v2\/media?parent=8742"}],"curies":[{"name":"wp","href":"https:\/\/api.w.org\/{rel}","templated":true}]}}