{"id":7313,"date":"2024-02-15T15:35:43","date_gmt":"2024-02-15T14:35:43","guid":{"rendered":"https:\/\/fondazionepasqualebattista.it\/congressobbcc2025\/?page_id=7313"},"modified":"2025-11-11T00:22:46","modified_gmt":"2025-11-10T23:22:46","slug":"homepage","status":"publish","type":"page","link":"https:\/\/fondazionepasqualebattista.it\/congressobbcc2025\/","title":{"rendered":"Homepage"},"content":{"rendered":"\t\t<div data-elementor-type=\"wp-page\" data-elementor-id=\"7313\" class=\"elementor elementor-7313\" data-elementor-post-type=\"page\">\n\t\t\t\t\t\t<section class=\"elementor-section elementor-top-section elementor-element elementor-element-e56b142 elementor-section-full_width elementor-section-height-min-height elementor-hidden-mobile elementor-section-height-default elementor-section-items-middle elementor-invisible\" data-id=\"e56b142\" data-element_type=\"section\" data-settings=\"{&quot;animation&quot;:&quot;fadeIn&quot;}\">\n\t\t\t\t\t\t<div class=\"elementor-container elementor-column-gap-no\">\n\t\t\t\t\t<div class=\"elementor-column elementor-col-100 elementor-top-column elementor-element elementor-element-4bb4f1b\" data-id=\"4bb4f1b\" data-element_type=\"column\">\n\t\t\t<div class=\"elementor-widget-wrap elementor-element-populated\">\n\t\t\t\t\t\t<div class=\"elementor-element elementor-element-a783965 elementor-widget elementor-widget-image\" data-id=\"a783965\" data-element_type=\"widget\" data-widget_type=\"image.default\">\n\t\t\t\t<div class=\"elementor-widget-container\">\n\t\t\t\t\t\t\t\t\t\t\t\t\t\t\t<img fetchpriority=\"high\" decoding=\"async\" width=\"1920\" height=\"800\" src=\"https:\/\/fondazionepasqualebattista.it\/congressobbcc2025\/wp-content\/uploads\/2025\/04\/Cover.jpeg\" class=\"attachment-full size-full wp-image-9681\" alt=\"Locandina Congresso Beni Culturali in Puglia 2025\" srcset=\"https:\/\/fondazionepasqualebattista.it\/congressobbcc2025\/wp-content\/uploads\/2025\/04\/Cover.jpeg 1920w, https:\/\/fondazionepasqualebattista.it\/congressobbcc2025\/wp-content\/uploads\/2025\/04\/Cover-300x125.jpeg 300w, https:\/\/fondazionepasqualebattista.it\/congressobbcc2025\/wp-content\/uploads\/2025\/04\/Cover-1024x427.jpeg 1024w, https:\/\/fondazionepasqualebattista.it\/congressobbcc2025\/wp-content\/uploads\/2025\/04\/Cover-768x320.jpeg 768w, https:\/\/fondazionepasqualebattista.it\/congressobbcc2025\/wp-content\/uploads\/2025\/04\/Cover-1536x640.jpeg 1536w\" sizes=\"(max-width: 1920px) 100vw, 1920px\" \/>\t\t\t\t\t\t\t\t\t\t\t\t\t\t\t<\/div>\n\t\t\t\t<\/div>\n\t\t\t\t\t<\/div>\n\t\t<\/div>\n\t\t\t\t\t<\/div>\n\t\t<\/section>\n\t\t\t\t<section class=\"elementor-section elementor-top-section elementor-element elementor-element-a77b1f6 elementor-section-full_width elementor-hidden-desktop elementor-hidden-tablet elementor-section-height-default elementor-section-height-default\" data-id=\"a77b1f6\" data-element_type=\"section\">\n\t\t\t\t\t\t<div class=\"elementor-container elementor-column-gap-no\">\n\t\t\t\t\t<div class=\"elementor-column elementor-col-100 elementor-top-column elementor-element elementor-element-b03ebc6\" data-id=\"b03ebc6\" data-element_type=\"column\">\n\t\t\t<div class=\"elementor-widget-wrap elementor-element-populated\">\n\t\t\t\t\t\t<div class=\"elementor-element elementor-element-ced151b elementor-widget elementor-widget-image\" data-id=\"ced151b\" data-element_type=\"widget\" data-widget_type=\"image.default\">\n\t\t\t\t<div class=\"elementor-widget-container\">\n\t\t\t\t\t\t\t\t\t\t\t\t\t\t\t<img decoding=\"async\" width=\"1080\" height=\"1489\" src=\"https:\/\/fondazionepasqualebattista.it\/congressobbcc2025\/wp-content\/uploads\/2025\/04\/homeFondazione_verticale_4a1.jpg\" class=\"attachment-full size-full wp-image-9708\" alt=\"Locandina Congresso Beni Culturali in Puglia 2025\" srcset=\"https:\/\/fondazionepasqualebattista.it\/congressobbcc2025\/wp-content\/uploads\/2025\/04\/homeFondazione_verticale_4a1.jpg 1080w, https:\/\/fondazionepasqualebattista.it\/congressobbcc2025\/wp-content\/uploads\/2025\/04\/homeFondazione_verticale_4a1-218x300.jpg 218w, https:\/\/fondazionepasqualebattista.it\/congressobbcc2025\/wp-content\/uploads\/2025\/04\/homeFondazione_verticale_4a1-743x1024.jpg 743w, https:\/\/fondazionepasqualebattista.it\/congressobbcc2025\/wp-content\/uploads\/2025\/04\/homeFondazione_verticale_4a1-768x1059.jpg 768w\" sizes=\"(max-width: 1080px) 100vw, 1080px\" \/>\t\t\t\t\t\t\t\t\t\t\t\t\t\t\t<\/div>\n\t\t\t\t<\/div>\n\t\t\t\t\t<\/div>\n\t\t<\/div>\n\t\t\t\t\t<\/div>\n\t\t<\/section>\n\t\t\t\t<section class=\"elementor-section elementor-top-section elementor-element elementor-element-e944332 elementor-section-boxed elementor-section-height-default elementor-section-height-default\" data-id=\"e944332\" data-element_type=\"section\">\n\t\t\t\t\t\t<div class=\"elementor-container elementor-column-gap-default\">\n\t\t\t\t\t<div class=\"elementor-column elementor-col-100 elementor-top-column elementor-element elementor-element-65e4bb9\" data-id=\"65e4bb9\" data-element_type=\"column\">\n\t\t\t<div class=\"elementor-widget-wrap elementor-element-populated\">\n\t\t\t\t\t\t<div class=\"elementor-element elementor-element-86ac601 animated-fast elementor-invisible elementor-widget elementor-widget-text-editor\" data-id=\"86ac601\" data-element_type=\"widget\" data-settings=\"{&quot;_animation&quot;:&quot;slideInUp&quot;}\" data-widget_type=\"text-editor.default\">\n\t\t\t\t<div class=\"elementor-widget-container\">\n\t\t\t\t\t\t\t\t\t<p>La Fondazione Pasquale Battista \u00e8 lieta di invitarvi al <strong>III Congresso BENI CULTURALI IN PUGLIA \u2013 <em>Cantieri sperimentali e interdisciplinari per nuove prospettive di ricerca e valorizzazione<\/em><\/strong>, finanziato dal Gruppo Augusta Ratio S.p.A, che si terr\u00e0 a Bari dal 7 al 10 ottobre 2025.<\/p><p>Il congresso si svolger\u00e0 in modalit\u00e0 online il 7 ottobre ed in presenza, presso l\u2019aula <em>Domus Sapientiae<\/em> del Dipartimento di Architettura, Costruzione e Design del Politecnico di Bari, dall\u20198 al 10 ottobre 2025.<\/p><p>Giunto alla sua terza edizione, il congresso si pone l\u2019obiettivo di esplorare le pi\u00f9 recenti esperienze di ricerca e le metodologie innovative applicate ai beni culturali, con un approccio fortemente interdisciplinare. La Puglia, con il suo patrimonio artistico, archeologico e paesaggistico, si conferma un cantiere a cielo aperto in cui sperimentare nuove strategie di conservazione, fruizione e valorizzazione.<\/p><p>Nel corso di queste giornate, si aprir\u00e0 un dialogo sui <strong>cantieri sperimentali, tecnologie emergenti, pratiche di restauro, digitalizzazione e modelli di gestione integrata <\/strong>che puntino alla conoscenza, tutela e valorizzazione del patrimonio culturale pugliese, con l\u2019obiettivo di creare connessioni tra enti di ricerca, istituzioni e comunit\u00e0 locali come elementi fondamentali per la costruzione di nuove prospettive sostenibili per il patrimonio culturale. Le specifiche competenze di settore e l\u2019integrazione con le tematiche legate all\u2019accessibilit\u00e0, all\u2019inclusione, alla partecipazione e alle testimonianze territoriali e paesaggistiche, rendono possibili nuovi scenari di tutele e valorizzazione, partendo dalle ricerche scientifiche che afferiscono al patrimonio culturale pugliese.<\/p><p>Il congresso \u00e8 aperto a studiosi dei beni culturali pugliesi, nello specifico funzionari del MIC, ricercatori degli istituti di ricerca, docenti e ricercatori delle Universit\u00e0. \u00c8 fortemente incoraggiata la partecipazione di dottorandi e studenti.\u00a0<\/p><p>Tutti i contributi saranno valutati e approvati dal Comitato scientifico. I relatori possono presentare il proprio lavoro attraverso una comunicazione orale, un virtual poster o una video presentation. Un volume digitale di atti (con codice ISBN e DOI) sar\u00e0 pubblicato da Fondazione Pasquale Battista Edizioni.<\/p>\t\t\t\t\t\t\t\t<\/div>\n\t\t\t\t<\/div>\n\t\t\t\t\t<\/div>\n\t\t<\/div>\n\t\t\t\t\t<\/div>\n\t\t<\/section>\n\t\t\t\t<\/div>\n\t\t","protected":false},"excerpt":{"rendered":"<p>La Fondazione Pasquale Battista \u00e8 lieta di invitarvi al III Congresso BENI CULTURALI IN PUGLIA \u2013 Cantieri sperimentali e interdisciplinari per nuove prospettive di ricerca e valorizzazione, finanziato dal Gruppo Augusta Ratio S.p.A, che si terr\u00e0 a Bari dal 7 al 10 ottobre 2025. Il congresso si svolger\u00e0 in modalit\u00e0 online il 7 ottobre ed [&hellip;]<\/p>\n","protected":false},"author":1,"featured_media":0,"parent":0,"menu_order":0,"comment_status":"closed","ping_status":"closed","template":"","meta":{"footnotes":""},"class_list":["post-7313","page","type-page","status-publish","hentry"],"_links":{"self":[{"href":"https:\/\/fondazionepasqualebattista.it\/congressobbcc2025\/wp-json\/wp\/v2\/pages\/7313","targetHints":{"allow":["GET"]}}],"collection":[{"href":"https:\/\/fondazionepasqualebattista.it\/congressobbcc2025\/wp-json\/wp\/v2\/pages"}],"about":[{"href":"https:\/\/fondazionepasqualebattista.it\/congressobbcc2025\/wp-json\/wp\/v2\/types\/page"}],"author":[{"embeddable":true,"href":"https:\/\/fondazionepasqualebattista.it\/congressobbcc2025\/wp-json\/wp\/v2\/users\/1"}],"replies":[{"embeddable":true,"href":"https:\/\/fondazionepasqualebattista.it\/congressobbcc2025\/wp-json\/wp\/v2\/comments?post=7313"}],"version-history":[{"count":121,"href":"https:\/\/fondazionepasqualebattista.it\/congressobbcc2025\/wp-json\/wp\/v2\/pages\/7313\/revisions"}],"predecessor-version":[{"id":10410,"href":"https:\/\/fondazionepasqualebattista.it\/congressobbcc2025\/wp-json\/wp\/v2\/pages\/7313\/revisions\/10410"}],"wp:attachment":[{"href":"https:\/\/fondazionepasqualebattista.it\/congressobbcc2025\/wp-json\/wp\/v2\/media?parent=7313"}],"curies":[{"name":"wp","href":"https:\/\/api.w.org\/{rel}","templated":true}]}}